{"id":214,"date":"2023-02-06T12:44:44","date_gmt":"2023-02-06T11:44:44","guid":{"rendered":"https:\/\/consmonacodibaviera.esteri.it\/chi-siamo\/il-console-generale\/"},"modified":"2026-03-24T12:43:56","modified_gmt":"2026-03-24T11:43:56","slug":"il-console-generale","status":"publish","type":"page","link":"https:\/\/consmonacodibaviera.esteri.it\/de\/chi-siamo\/il-console-generale\/","title":{"rendered":"Der Generalkonsul"},"content":{"rendered":"<p><img loading=\"lazy\" decoding=\"async\" class=\"img-fluid alignnone wp-image-4235 size-full\" src=\"https:\/\/consmonacodibaviera.esteri.it\/wp-content\/uploads\/2026\/03\/Fausto-Panebianco.jpg\" alt=\"foto-Fausto-Panebianco\" width=\"400\" height=\"400\" srcset=\"https:\/\/consmonacodibaviera.esteri.it\/wp-content\/uploads\/2026\/03\/Fausto-Panebianco.jpg 400w, https:\/\/consmonacodibaviera.esteri.it\/wp-content\/uploads\/2026\/03\/Fausto-Panebianco-300x300.jpg 300w, https:\/\/consmonacodibaviera.esteri.it\/wp-content\/uploads\/2026\/03\/Fausto-Panebianco-150x150.jpg 150w\" sizes=\"auto, (max-width: 400px) 100vw, 400px\" \/><\/p>\n<h5>Fausto Panebianco<\/h5>\n<p>Geboren am 2. April 1973 in Salerno, schloss er 1996 das Studium der Rechtswissenschaften an der Universit\u00e4t Salerno ab.<\/p>\n<p>Nach Eintritt in die diplomatische Laufbahn im Jahr 1999 wurde er zun\u00e4chst in die V\u00f6lkerrechtsabteilung und dann dem Generalsekretariat, Referat Analyse und Programmplanung, zugeteilt.<\/p>\n<p>2003 wurde er ins Ausland an die italienische Botschaft in Berlin entsandt. Dort blieb er bis 2007. Anschlie\u00dfend wurde er zum Berufskonsul in Mar del Plata (Argentinien) ernannt.<\/p>\n<p>Nach seiner R\u00fcckkehr nach Rom im Jahr 2011 wurde ihm die Leitung des Referats IV der Abteilung f\u00fcr im Ausland lebende Italiener\/-innen und Migrationspolitik \u00fcbertragen, wo er sich mit dem Schutz von Landsleuten in Notlagen besch\u00e4ftigte. Im November 2015 wurde er an die italienische Botschaft in Berlin wieder entsandt, wo er diesmal als Leiter der Presse- und Kulturabteilung t\u00e4tig war.<\/p>\n<p>Von 2019 bis 2026 arbeitete er als Sous-Sherpa und Koordinator des G7\/G20 Sherpa-Stabs im Amt des Ministerpr\u00e4sidenten. In dieser Zeit \u00fcbernahm Italien verantwortungsvolle Aufgaben, und zwar 2021 den G20- und 2024 den G7-Vorsitz. Im Januar 2024 wurde er zum bevollm\u00e4chtigten Gesandten bef\u00f6rdert.<\/p>\n<p>Im Februar 2026 wurde er zum Generalkonsul Italiens in M\u00fcnchen ernannt.<\/p>\n<p>2010 erhielt er das Ritterkreuz des Verdienstordens der Italienischen Republik (Cavaliere dell\u2019Ordine al Merito della Repubblica).<\/p>\n","protected":false},"excerpt":{"rendered":"Fausto Panebianco Geboren am 2. April 1973 in Salerno, schloss er 1996 das Studium der Rechtswissenschaften an der Universit\u00e4t Salerno ab. Nach Eintritt in die diplomatische Laufbahn im Jahr 1999 wurde er zun\u00e4chst in die V\u00f6lkerrechtsabteilung und dann dem Generalsekretariat, Referat Analyse und Programmplanung, zugeteilt. 2003 wurde er ins Ausland an die italienische Botschaft in [&hellip;]","protected":false},"author":3,"featured_media":0,"parent":138,"menu_order":0,"comment_status":"closed","ping_status":"closed","template":"","meta":{"footnotes":""},"class_list":["post-214","page","type-page","status-publish","hentry"],"_links":{"self":[{"href":"https:\/\/consmonacodibaviera.esteri.it\/de\/wp-json\/wp\/v2\/pages\/214","targetHints":{"allow":["GET"]}}],"collection":[{"href":"https:\/\/consmonacodibaviera.esteri.it\/de\/wp-json\/wp\/v2\/pages"}],"about":[{"href":"https:\/\/consmonacodibaviera.esteri.it\/de\/wp-json\/wp\/v2\/types\/page"}],"author":[{"embeddable":true,"href":"https:\/\/consmonacodibaviera.esteri.it\/de\/wp-json\/wp\/v2\/users\/3"}],"replies":[{"embeddable":true,"href":"https:\/\/consmonacodibaviera.esteri.it\/de\/wp-json\/wp\/v2\/comments?post=214"}],"version-history":[{"count":5,"href":"https:\/\/consmonacodibaviera.esteri.it\/de\/wp-json\/wp\/v2\/pages\/214\/revisions"}],"predecessor-version":[{"id":4244,"href":"https:\/\/consmonacodibaviera.esteri.it\/de\/wp-json\/wp\/v2\/pages\/214\/revisions\/4244"}],"up":[{"embeddable":true,"href":"https:\/\/consmonacodibaviera.esteri.it\/de\/wp-json\/wp\/v2\/pages\/138"}],"wp:attachment":[{"href":"https:\/\/consmonacodibaviera.esteri.it\/de\/wp-json\/wp\/v2\/media?parent=214"}],"curies":[{"name":"wp","href":"https:\/\/api.w.org\/{rel}","templated":true}]}}