{"id":141,"date":"2023-02-03T15:42:53","date_gmt":"2023-02-03T14:42:53","guid":{"rendered":"https:\/\/consmonacodibaviera.esteri.it\/servizi-consolari-e-visti\/"},"modified":"2023-02-06T12:28:53","modified_gmt":"2023-02-06T11:28:53","slug":"servizi-consolari-e-visti","status":"publish","type":"page","link":"https:\/\/consmonacodibaviera.esteri.it\/de\/servizi-consolari-e-visti\/","title":{"rendered":"Konsularische Dienstleistungen und Visa"},"content":{"rendered":"<p>Die konsularischen Dienste richten sich nach den Grundprinzipien der Gleichheit, Unparteilichkeit, Leistungsf\u00e4higkeit und Transparenz. Die Konsulate garantieren allen italienischen Staatsb\u00fcrgern Schutz im Falle einer Verletzung ihrer Grundrechte und Einschr\u00e4nkung oder Freiheitsentziehung. Zudem sichern sie den Beistand in Notf\u00e4llen, wie der Suche von Familienmitgliedern, ungel\u00f6ste Erbfolgeangelegenheiten im Ausland und f\u00fcr die Heimschaffung der Verstorbenen.<\/p>\n","protected":false},"excerpt":{"rendered":"Die konsularischen Dienste richten sich nach den Grundprinzipien der Gleichheit, Unparteilichkeit, Leistungsf\u00e4higkeit und Transparenz. Die Konsulate garantieren allen italienischen Staatsb\u00fcrgern Schutz im Falle einer Verletzung ihrer Grundrechte und Einschr\u00e4nkung oder Freiheitsentziehung. Zudem sichern sie den Beistand in Notf\u00e4llen, wie der Suche von Familienmitgliedern, ungel\u00f6ste Erbfolgeangelegenheiten im Ausland und f\u00fcr die Heimschaffung der Verstorbenen.","protected":false},"author":1,"featured_media":0,"parent":0,"menu_order":0,"comment_status":"closed","ping_status":"closed","template":"","meta":{"footnotes":""},"class_list":["post-141","page","type-page","status-publish","hentry"],"_links":{"self":[{"href":"https:\/\/consmonacodibaviera.esteri.it\/de\/wp-json\/wp\/v2\/pages\/141","targetHints":{"allow":["GET"]}}],"collection":[{"href":"https:\/\/consmonacodibaviera.esteri.it\/de\/wp-json\/wp\/v2\/pages"}],"about":[{"href":"https:\/\/consmonacodibaviera.esteri.it\/de\/wp-json\/wp\/v2\/types\/page"}],"author":[{"embeddable":true,"href":"https:\/\/consmonacodibaviera.esteri.it\/de\/wp-json\/wp\/v2\/users\/1"}],"replies":[{"embeddable":true,"href":"https:\/\/consmonacodibaviera.esteri.it\/de\/wp-json\/wp\/v2\/comments?post=141"}],"version-history":[{"count":0,"href":"https:\/\/consmonacodibaviera.esteri.it\/de\/wp-json\/wp\/v2\/pages\/141\/revisions"}],"wp:attachment":[{"href":"https:\/\/consmonacodibaviera.esteri.it\/de\/wp-json\/wp\/v2\/media?parent=141"}],"curies":[{"name":"wp","href":"https:\/\/api.w.org\/{rel}","templated":true}]}}