{"id":1035,"date":"2023-06-06T10:00:37","date_gmt":"2023-06-06T08:00:37","guid":{"rendered":"https:\/\/consmonacodibaviera.esteri.it\/?page_id=1035"},"modified":"2023-06-06T10:01:05","modified_gmt":"2023-06-06T08:01:05","slug":"1035-2","status":"publish","type":"page","link":"https:\/\/consmonacodibaviera.esteri.it\/de\/italia-e-germania\/diplomazia-scientifica\/1035-2\/","title":{"rendered":""},"content":{"rendered":"<p>Zu den gro\u00dfen multilateralen Projekten mit italienischer Beteiligung, die in Deutschland angesiedelt sind, geh\u00f6ren die ESA (Europ\u00e4ische Weltraumorganisation), die ESO (Europ\u00e4ische S\u00fcdsternwarte in M\u00fcnchen), das Europ\u00e4ische Laboratorium f\u00fcr Molekularbiologie (EBML) mit Standorten in Heidelberg und Rom, XFEL (Freie-Elektronen-Laser @ Desy, Hamburg) und die Standorte des Europ\u00e4ischen Zentrums f\u00fcr mittelfristige Wettervorhersage (ECMWF) in Bonn und Bologna.<\/p>\n<p>Es bestehen sowohl Beziehungen auf EU-Ebene (bei Projekten, die in das Programm Horizon 2020 aufgenommen wurden, ist Deutschland der wichtigste Partner Italiens) als auch direkt auf bilateraler Ebene. Erw\u00e4hnenswert sind das \u201eMemorandum of Understanding\u201c zwischen dem MUR (Ministerium f\u00fcr Universit\u00e4ten und Forschung) und dem BMBF \u00fcber die Zusammenarbeit beim Aufbau der Facility for Antiproton and Ion Research (FAIR) in Darmstadt und die zuk\u00fcnftige Entwicklung der Gran Sasso National Laboratories (LNGS)\u201c im Jahr 2019 sowie die bestehenden Vereinbarungen zwischen dem CNR und den staatlichen deutschen Forschungseinrichtungen Max-Planck, Helmholtz und Fraunhofer.<\/p>\n<p>Dar\u00fcber hinaus gibt es laut CINECA-Portal \u00fcber internationale Kooperationen (letzte Abfrage 7. Juli 2021) 611 bilaterale und 147 multilaterale Abkommen zwischen italienischen Hochschulen und deutschen Hochschulen oder Forschungseinrichtungen. Diese Abkommen dienen der F\u00f6rderung von Forschungsaktivit\u00e4ten (30 %), dem akademischen Austausch (65 %) sowie der grenz\u00fcberschreitenden Ausbildung\/Didaktik (56 %).<\/p>\n<p>Die bilaterale Zusammenarbeit mit Deutschland beruht auf dem Rahmenabkommen \u00fcber kulturelle Zusammenarbeit zwischen Italien und Deutschland vom 8. Februar 1956. Am 24. April 2002 wurde das letzte Durchf\u00fchrungsprotokoll \u00fcber kulturelle Zusammenarbeit f\u00fcr die Jahre 2002-2005 unterschrieben. Es bestehen daher zurzeit keine bilateralen wissenschaftlich-technologischen Abkommen oder Durchf\u00fchrungsprotokolle mit Deutschland (wie auch mit den \u00fcbrigen gro\u00dfen EU-Staaten).<\/p>\n","protected":false},"excerpt":{"rendered":"Zu den gro\u00dfen multilateralen Projekten mit italienischer Beteiligung, die in Deutschland angesiedelt sind, geh\u00f6ren die ESA (Europ\u00e4ische Weltraumorganisation), die ESO (Europ\u00e4ische S\u00fcdsternwarte in M\u00fcnchen), das Europ\u00e4ische Laboratorium f\u00fcr Molekularbiologie (EBML) mit Standorten in Heidelberg und Rom, XFEL (Freie-Elektronen-Laser @ Desy, Hamburg) und die Standorte des Europ\u00e4ischen Zentrums f\u00fcr mittelfristige Wettervorhersage (ECMWF) in Bonn und Bologna. [&hellip;]","protected":false},"author":5,"featured_media":0,"parent":223,"menu_order":0,"comment_status":"closed","ping_status":"closed","template":"","meta":{"footnotes":""},"class_list":["post-1035","page","type-page","status-publish","hentry"],"_links":{"self":[{"href":"https:\/\/consmonacodibaviera.esteri.it\/de\/wp-json\/wp\/v2\/pages\/1035","targetHints":{"allow":["GET"]}}],"collection":[{"href":"https:\/\/consmonacodibaviera.esteri.it\/de\/wp-json\/wp\/v2\/pages"}],"about":[{"href":"https:\/\/consmonacodibaviera.esteri.it\/de\/wp-json\/wp\/v2\/types\/page"}],"author":[{"embeddable":true,"href":"https:\/\/consmonacodibaviera.esteri.it\/de\/wp-json\/wp\/v2\/users\/5"}],"replies":[{"embeddable":true,"href":"https:\/\/consmonacodibaviera.esteri.it\/de\/wp-json\/wp\/v2\/comments?post=1035"}],"version-history":[{"count":0,"href":"https:\/\/consmonacodibaviera.esteri.it\/de\/wp-json\/wp\/v2\/pages\/1035\/revisions"}],"up":[{"embeddable":true,"href":"https:\/\/consmonacodibaviera.esteri.it\/de\/wp-json\/wp\/v2\/pages\/223"}],"wp:attachment":[{"href":"https:\/\/consmonacodibaviera.esteri.it\/de\/wp-json\/wp\/v2\/media?parent=1035"}],"curies":[{"name":"wp","href":"https:\/\/api.w.org\/{rel}","templated":true}]}}