{"id":1013,"date":"2023-06-06T09:40:12","date_gmt":"2023-06-06T07:40:12","guid":{"rendered":"https:\/\/consmonacodibaviera.esteri.it\/?page_id=1013"},"modified":"2023-06-06T09:40:39","modified_gmt":"2023-06-06T07:40:39","slug":"infomercatiesteri","status":"publish","type":"page","link":"https:\/\/consmonacodibaviera.esteri.it\/de\/italia-e-germania\/diplomazia-economica\/wirtschaftsfoerderung-italiens-in-deutschland\/infomercatiesteri\/","title":{"rendered":"InfoMercatiEsteri"},"content":{"rendered":"<p>Mit <a href=\"https:\/\/www.infomercatiesteri.it\/paese.php?id_paesi=69#\" target=\"_blank\" rel=\"noopener\"><strong>InfoMercatiEsteri<\/strong><\/a> bietet die Seite des italienischen Au\u00dfenministeriums eine hoch innovative und vollkommen kostenfreie Plattform an. Diese wurde von der Abteilung zur F\u00f6rderung des Standortes Italien konzipiert und realisiert, um den Informationsbedarf nationaler Wirtschaftsakteure im Bereich ausl\u00e4ndischer M\u00e4rkte zu decken.<br \/>\nDurch die stetige Analyset\u00e4tigkeit der Botschaften und Konsulate in Zusammenarbeit mit den dort integrierten ICE-Agenturen und dank des Beitrags der ENIT und der italienischen Handelskammern im Ausland, stellt InfoMercatiEsteri dem italienischen Produktionssystem ein umfassendes Instrument mit n\u00fctzlichen Informationen f\u00fcr Internationalisierungsma\u00dfnahmen zur Verf\u00fcgung. \u00dcber einen Zugriff nach geografischer Lage sind f\u00fcr jedes Land folgende Informationen abrufbar: politischer und wirtschaftlicher Ausblick, Marktchancen und m\u00f6gliche Partnerschaften, Werbema\u00dfnahmen, Zugang zu Krediten, \u00dcberblick \u00fcber italienische Pr\u00e4senz und bilaterale Beziehungen sowie Informationen \u00fcber eventuelle kritische Situationen und m\u00f6gliche Investitionsrisiken.<\/p>\n","protected":false},"excerpt":{"rendered":"Mit InfoMercatiEsteri bietet die Seite des italienischen Au\u00dfenministeriums eine hoch innovative und vollkommen kostenfreie Plattform an. Diese wurde von der Abteilung zur F\u00f6rderung des Standortes Italien konzipiert und realisiert, um den Informationsbedarf nationaler Wirtschaftsakteure im Bereich ausl\u00e4ndischer M\u00e4rkte zu decken. Durch die stetige Analyset\u00e4tigkeit der Botschaften und Konsulate in Zusammenarbeit mit den dort integrierten ICE-Agenturen [&hellip;]","protected":false},"author":5,"featured_media":0,"parent":411,"menu_order":0,"comment_status":"closed","ping_status":"closed","template":"","meta":{"footnotes":""},"class_list":["post-1013","page","type-page","status-publish","hentry"],"_links":{"self":[{"href":"https:\/\/consmonacodibaviera.esteri.it\/de\/wp-json\/wp\/v2\/pages\/1013","targetHints":{"allow":["GET"]}}],"collection":[{"href":"https:\/\/consmonacodibaviera.esteri.it\/de\/wp-json\/wp\/v2\/pages"}],"about":[{"href":"https:\/\/consmonacodibaviera.esteri.it\/de\/wp-json\/wp\/v2\/types\/page"}],"author":[{"embeddable":true,"href":"https:\/\/consmonacodibaviera.esteri.it\/de\/wp-json\/wp\/v2\/users\/5"}],"replies":[{"embeddable":true,"href":"https:\/\/consmonacodibaviera.esteri.it\/de\/wp-json\/wp\/v2\/comments?post=1013"}],"version-history":[{"count":0,"href":"https:\/\/consmonacodibaviera.esteri.it\/de\/wp-json\/wp\/v2\/pages\/1013\/revisions"}],"up":[{"embeddable":true,"href":"https:\/\/consmonacodibaviera.esteri.it\/de\/wp-json\/wp\/v2\/pages\/411"}],"wp:attachment":[{"href":"https:\/\/consmonacodibaviera.esteri.it\/de\/wp-json\/wp\/v2\/media?parent=1013"}],"curies":[{"name":"wp","href":"https:\/\/api.w.org\/{rel}","templated":true}]}}