{"id":1007,"date":"2023-06-06T09:37:05","date_gmt":"2023-06-06T07:37:05","guid":{"rendered":"https:\/\/consmonacodibaviera.esteri.it\/?page_id=1007"},"modified":"2023-06-06T09:37:05","modified_gmt":"2023-06-06T07:37:05","slug":"italienische-anlaufstellen-in-deutschland","status":"publish","type":"page","link":"https:\/\/consmonacodibaviera.esteri.it\/de\/italia-e-germania\/diplomazia-economica\/wirtschaftsfoerderung-italiens-in-deutschland\/italienische-anlaufstellen-in-deutschland\/","title":{"rendered":"Italienische Anlaufstellen in Deutschland"},"content":{"rendered":"<div class=\"entry-content\">\n<p><strong>ICE \u2013 Italienische Agentur f\u00fcr Aussenhandel<\/strong> ist in Deutschland mit einem B\u00fcro in Berlin vertreten. Es ist als \u201cHandelsf\u00f6rderungsabteilung\u201d der Italienischen Botschaft Berlin in das Netz der Konsulate integriert.<\/p>\n<p><strong>ICE \u2013 Italienische Agentur f\u00fcr Aussenhandel<\/strong><br \/>\nSchl\u00fcterstrasse 39<br \/>\nD-10629 Berlin<br \/>\nTel.: +49 (0)30 8844030<br \/>\nE-Mail: <a href=\"mailto:berlino@ice.it\" target=\"_blank\" rel=\"noopener\">berlino@ice.it<\/a><br \/>\n<a href=\"http:\/\/www.italtrade.com\/countries\/europe\/germany\/berlin1.htm\">www.italtrade.com\/countries\/europe\/germany\/berlin1.htm<\/a><\/p>\n<p>&nbsp;<\/p>\n<p><strong>ITKAM \u2013 Deutsch-italienische Handelskammer<br \/>\n<\/strong>In Deutschland gibt es\u00a0 zwei deutsch-italienische Handelskammern, die nach dem Gesetz Nr. 518 vom 1. Juli 1970 anerkannt sind:<\/p>\n<p><strong>1. Italienische Handelskammer f\u00fcr Deutschland<br \/>\n<\/strong>Hauptsitz in Frankfurt am Main<br \/>\nPr\u00e4sident: Dott. Emanuele Gatti<br \/>\nGesch\u00e4ftsf\u00fchrer: Dott. Eliomaria Narducci<br \/>\nCorneliusstr. 18<br \/>\nD-60325 Frankfurt am Main<br \/>\nTel.: +49 (0)69 97145-210<br \/>\nFax: +49 (0)69 97145-299<br \/>\nE-Mail: <a href=\"mailto:info@itkam.org\">info@itkam.org<\/a><br \/>\n<a href=\"http:\/\/www.itkam.org\" target=\"_blank\" rel=\"noopener\">www.itkam.org<\/a><\/p>\n<div>\n<p><strong>Regionalb\u00fcro Berlin<\/strong><br \/>\nc\/o Rent 24 COWORKING<br \/>\nOberwallstra\u00dfe 6<br \/>\n10117 Berlin<br \/>\nTel.: +49 (0)30 2431040<br \/>\nE-Mail: <a href=\"mailto:info@itkam.org\">berlin@itkam.org<\/a><\/p>\n<p><strong>Regionalb\u00fcro Leipzig<\/strong><br \/>\nGoerdelerring 5<br \/>\nD-04109 Leipzig<br \/>\nTel.: +49 (0)341 98972511<br \/>\nE-Mail: <a href=\"mailto:leipzig@itkam.org\">leipzig@itkam.org<\/a><\/p>\n<p>&nbsp;<\/p>\n<p><strong><br \/>\n2. ITALCAM \u2013 Italienische Handelskammer M\u00fcnchen -Stuttgart<br \/>\n<\/strong><\/p>\n<p><strong>Italienische Handelskammer e.V. \u2013 Hauptsitz M\u00fcnchen<\/strong><br \/>\nPr\u00e4sidentin: Dott.ssa Anna Maria Andretta<br \/>\nGeneralsekret\u00e4r: Dott. Alessandro Marino<br \/>\nLandaubogen 10 D-81373<br \/>\nD-81373 M\u00fcnchen<br \/>\nTel.: +49 (0)89 961661-70<br \/>\nE-Mail: <a href=\"mailto:info@italcam.de\">info@italcam.de<\/a><br \/>\n<a href=\"http:\/\/www.italcam.de\" target=\"_blank\" rel=\"noopener\">www.italcam.de<\/a><\/p>\n<p><strong>B\u00fcro in Stuttgart\/Regionalb\u00fcro f\u00fcr Baden-W\u00fcrttemberg<\/strong><br \/>\nDirektor: Dott. Alessandro Marino<br \/>\nLenzhalde 69<br \/>\nD-70192 Stuttgart<br \/>\nTel.: +49 (0)711 2268042<br \/>\nE-Mail: <a href=\"mailto:stuttgart@italcam.de\">stuttgart@italcam.de<\/a><\/p>\n<p>&nbsp;<\/p>\n<p><strong>Italienische Zentrale f\u00fcr Tourismus ENIT<\/strong><\/p>\n<div>\n<p><strong>Italienische Zentrale f\u00fcr Tourismus ENIT Deutschland<\/strong><br \/>\nSchaumainkai 87<br \/>\n60596 Frankfurt am Main<br \/>\nTel. +49 (0)69 686047<br \/>\nE-Mail: <a href=\"mailto:frankfurt@enit.it\">frankfurt@enit.it<\/a><br \/>\n<a href=\"https:\/\/www.enit.it\/it\/francoforte-sul-meno\" target=\"_blank\" rel=\"noopener\">https:\/\/www.enit.it\/it\/francoforte-sul-meno<\/a><\/p>\n<p><strong>Repr\u00e4sentanz ENIT M\u00fcnchen<\/strong><br \/>\nc\/o Italienisches Kulturinstitut<br \/>\nHermann-Schmid-Stra\u00dfe 8<br \/>\n80336 M\u00fcnchen<br \/>\nTel. +49 (0)89 746321\u201321<br \/>\nE-mail: <a href=\"mailto:monaco@enit.it\">monaco@enit.it<\/a><br \/>\n<a href=\"https:\/\/www.enit.it\/it\/monaco\" target=\"_blank\" rel=\"noopener\">https:\/\/www.enit.it\/it\/monaco<\/a><\/p>\n<\/div>\n<\/div>\n<\/div>\n","protected":false},"excerpt":{"rendered":"ICE \u2013 Italienische Agentur f\u00fcr Aussenhandel ist in Deutschland mit einem B\u00fcro in Berlin vertreten. Es ist als \u201cHandelsf\u00f6rderungsabteilung\u201d der Italienischen Botschaft Berlin in das Netz der Konsulate integriert. ICE \u2013 Italienische Agentur f\u00fcr Aussenhandel Schl\u00fcterstrasse 39 D-10629 Berlin Tel.: +49 (0)30 8844030 E-Mail: berlino@ice.it www.italtrade.com\/countries\/europe\/germany\/berlin1.htm &nbsp; ITKAM \u2013 Deutsch-italienische Handelskammer In Deutschland gibt es\u00a0 [&hellip;]","protected":false},"author":5,"featured_media":0,"parent":411,"menu_order":0,"comment_status":"closed","ping_status":"closed","template":"","meta":{"footnotes":""},"class_list":["post-1007","page","type-page","status-publish","hentry"],"_links":{"self":[{"href":"https:\/\/consmonacodibaviera.esteri.it\/de\/wp-json\/wp\/v2\/pages\/1007","targetHints":{"allow":["GET"]}}],"collection":[{"href":"https:\/\/consmonacodibaviera.esteri.it\/de\/wp-json\/wp\/v2\/pages"}],"about":[{"href":"https:\/\/consmonacodibaviera.esteri.it\/de\/wp-json\/wp\/v2\/types\/page"}],"author":[{"embeddable":true,"href":"https:\/\/consmonacodibaviera.esteri.it\/de\/wp-json\/wp\/v2\/users\/5"}],"replies":[{"embeddable":true,"href":"https:\/\/consmonacodibaviera.esteri.it\/de\/wp-json\/wp\/v2\/comments?post=1007"}],"version-history":[{"count":0,"href":"https:\/\/consmonacodibaviera.esteri.it\/de\/wp-json\/wp\/v2\/pages\/1007\/revisions"}],"up":[{"embeddable":true,"href":"https:\/\/consmonacodibaviera.esteri.it\/de\/wp-json\/wp\/v2\/pages\/411"}],"wp:attachment":[{"href":"https:\/\/consmonacodibaviera.esteri.it\/de\/wp-json\/wp\/v2\/media?parent=1007"}],"curies":[{"name":"wp","href":"https:\/\/api.w.org\/{rel}","templated":true}]}}